{"id":7,"date":"2025-02-05T08:47:05","date_gmt":"2025-02-05T08:47:05","guid":{"rendered":"https:\/\/demenzverein-neunkirchen.de\/?page_id=7"},"modified":"2025-07-17T09:29:42","modified_gmt":"2025-07-17T09:29:42","slug":"7-2","status":"publish","type":"page","link":"https:\/\/demenzverein-neunkirchen.de\/","title":{"rendered":"Startseite"},"content":{"rendered":"\n    \n    <section class=\"u-clearfix u-section-2\" id=\"block-1\">\n      <div class=\"u-clearfix u-sheet u-valign-middle-lg u-valign-middle-md u-valign-middle-sm u-valign-middle-xs u-sheet-1\">\n        <h3 class=\"u-text u-text-custom-color-5 u-text-1\"> Willkommen beim Demenzverein im Landkreis Neunkirchen<br>\n        <\/h3>\n        <p class=\"u-active-custom-color-5 u-text u-text-custom-color-5 u-text-2\">\n          <br><span style=\"font-weight: 700;\"><span style=\"font-weight: 400; font-size: 1.125rem;\">Wir m\u00f6chten Ihnen hier stichwortartig die Arbeit des Vereins, erg\u00e4nzend zu unserer Satzung, vorstellen:<\/span>\n            <br><\/span>\n          <br>\n        <\/p>\n        <ul class=\"u-text u-text-custom-color-5 u-text-3\">\n          <li>Individuelle Demenzberatung, auch in der H\u00e4uslichkeit<\/li>\n          <li>Einzelfallhilfe und Begleitung von Demenzkranken und deren Angeh\u00f6rigen<\/li>\n          <li>Aufbau und Unterst\u00fctzung von Selbsthilfegruppen<\/li>\n          <li>Informationsveranstaltungen <\/li>\n          <li>Fortbildungsveranstaltungen<\/li>\n          <li>\u00d6ffentlichkeitsarbeit<\/li>\n          <li> Umsetzung und Koordination des regionalen Netzwerkes Demenz im Landkreis Neunkirchen<\/li>\n        <\/ul>\n        <p class=\"u-text u-text-custom-color-5 u-text-4\"> Kontaktieren Sie uns gerne per Telefon oder Mail.&nbsp;<br>In unserer Gesch\u00e4ftsstelle in Ottweiler, im Pauluseck 5 sind wir aber auch gerne&nbsp;pers\u00f6nlich f\u00fcr Sie da.<br>Vereinbaren Sie bitte einen Beratungstermin.\n        <\/p>\n      <\/div>\n    <\/section>\n    \n    \n    \n  \n","protected":false},"excerpt":{"rendered":"<p>Willkommen beim Demenzverein im Landkreis Neunkirchen Wir m\u00f6chten Ihnen hier stichwortartig die Arbeit des Vereins, erg\u00e4nzend zu unserer Satzung, vorstellen: Individuelle Demenzberatung, auch in der H\u00e4uslichkeit Einzelfallhilfe und Begleitung von Demenzkranken und deren Angeh\u00f6rigen Aufbau und Unterst\u00fctzung von Selbsthilfegruppen Informationsveranstaltungen Fortbildungsveranstaltungen \u00d6ffentlichkeitsarbeit Umsetzung und Koordination des regionalen Netzwerkes Demenz im Landkreis Neunkirchen Kontaktieren Sie uns &hellip; <a href=\"https:\/\/demenzverein-neunkirchen.de\/\" class=\"more-link\">Continue reading<span class=\"screen-reader-text\"> &#8222;Startseite&#8220;<\/span><\/a><\/p>\n","protected":false},"author":1,"featured_media":0,"parent":0,"menu_order":0,"comment_status":"closed","ping_status":"closed","template":"","meta":{"footnotes":""},"class_list":["post-7","page","type-page","status-publish","hentry"],"yoast_head":"<!-- This site is optimized with the Yoast SEO plugin v25.0 - https:\/\/yoast.com\/wordpress\/plugins\/seo\/ -->\n<title>Startseite - Demenzverein-Neunkirchen<\/title>\n<meta name=\"robots\" content=\"index, follow, max-snippet:-1, max-image-preview:large, max-video-preview:-1\" \/>\n<link rel=\"canonical\" href=\"https:\/\/demenzverein-neunkirchen.de\/\" \/>\n<meta property=\"og:locale\" content=\"de_DE\" \/>\n<meta property=\"og:type\" content=\"article\" \/>\n<meta property=\"og:title\" content=\"Startseite - Demenzverein-Neunkirchen\" \/>\n<meta property=\"og:description\" content=\"Willkommen beim Demenzverein im Landkreis Neunkirchen Wir m\u00f6chten Ihnen hier stichwortartig die Arbeit des Vereins, erg\u00e4nzend zu unserer Satzung, vorstellen: Individuelle Demenzberatung, auch in der H\u00e4uslichkeit Einzelfallhilfe und Begleitung von Demenzkranken und deren Angeh\u00f6rigen Aufbau und Unterst\u00fctzung von Selbsthilfegruppen Informationsveranstaltungen Fortbildungsveranstaltungen \u00d6ffentlichkeitsarbeit Umsetzung und Koordination des regionalen Netzwerkes Demenz im Landkreis Neunkirchen Kontaktieren Sie uns &hellip; Continue reading &quot;Startseite&quot;\" \/>\n<meta property=\"og:url\" content=\"https:\/\/demenzverein-neunkirchen.de\/\" \/>\n<meta property=\"og:site_name\" content=\"Demenzverein-Neunkirchen\" \/>\n<meta property=\"article:modified_time\" content=\"2025-07-17T09:29:42+00:00\" \/>\n<meta name=\"twitter:card\" content=\"summary_large_image\" \/>\n<meta name=\"twitter:label1\" content=\"Gesch\u00e4tzte Lesezeit\" \/>\n\t<meta name=\"twitter:data1\" content=\"1\u00a0Minute\" \/>\n<script type=\"application\/ld+json\" class=\"yoast-schema-graph\">{\"@context\":\"https:\/\/schema.org\",\"@graph\":[{\"@type\":\"WebPage\",\"@id\":\"https:\/\/demenzverein-neunkirchen.de\/\",\"url\":\"https:\/\/demenzverein-neunkirchen.de\/\",\"name\":\"Startseite - Demenzverein-Neunkirchen\",\"isPartOf\":{\"@id\":\"https:\/\/demenzverein-neunkirchen.de\/#website\"},\"datePublished\":\"2025-02-05T08:47:05+00:00\",\"dateModified\":\"2025-07-17T09:29:42+00:00\",\"breadcrumb\":{\"@id\":\"https:\/\/demenzverein-neunkirchen.de\/#breadcrumb\"},\"inLanguage\":\"de\",\"potentialAction\":[{\"@type\":\"ReadAction\",\"target\":[\"https:\/\/demenzverein-neunkirchen.de\/\"]}]},{\"@type\":\"BreadcrumbList\",\"@id\":\"https:\/\/demenzverein-neunkirchen.de\/#breadcrumb\",\"itemListElement\":[{\"@type\":\"ListItem\",\"position\":1,\"name\":\"Startseite\",\"item\":\"https:\/\/demenzverein-neunkirchen.de\/\"},{\"@type\":\"ListItem\",\"position\":2,\"name\":\"Startseite\"}]},{\"@type\":\"WebSite\",\"@id\":\"https:\/\/demenzverein-neunkirchen.de\/#website\",\"url\":\"https:\/\/demenzverein-neunkirchen.de\/\",\"name\":\"Demenzverein-Neunkirchen\",\"description\":\"demenz\",\"publisher\":{\"@id\":\"https:\/\/demenzverein-neunkirchen.de\/#organization\"},\"potentialAction\":[{\"@type\":\"SearchAction\",\"target\":{\"@type\":\"EntryPoint\",\"urlTemplate\":\"https:\/\/demenzverein-neunkirchen.de\/?s={search_term_string}\"},\"query-input\":{\"@type\":\"PropertyValueSpecification\",\"valueRequired\":true,\"valueName\":\"search_term_string\"}}],\"inLanguage\":\"de\"},{\"@type\":\"Organization\",\"@id\":\"https:\/\/demenzverein-neunkirchen.de\/#organization\",\"name\":\"Demenzverein-Neunkirchen\",\"url\":\"https:\/\/demenzverein-neunkirchen.de\/\",\"logo\":{\"@type\":\"ImageObject\",\"inLanguage\":\"de\",\"@id\":\"https:\/\/demenzverein-neunkirchen.de\/#\/schema\/logo\/image\/\",\"url\":\"https:\/\/demenzverein-neunkirchen.de\/wp-content\/uploads\/2025\/03\/cropped-csm_Logo_Demenzverein_a1a480c319-1-1.webp\",\"contentUrl\":\"https:\/\/demenzverein-neunkirchen.de\/wp-content\/uploads\/2025\/03\/cropped-csm_Logo_Demenzverein_a1a480c319-1-1.webp\",\"width\":240,\"height\":132,\"caption\":\"  Demenzverein-Neunkirchen\"},\"image\":{\"@id\":\"https:\/\/demenzverein-neunkirchen.de\/#\/schema\/logo\/image\/\"}}]}<\/script>\n<!-- \/ Yoast SEO plugin. -->","yoast_head_json":{"title":"Startseite - Demenzverein-Neunkirchen","robots":{"index":"index","follow":"follow","max-snippet":"max-snippet:-1","max-image-preview":"max-image-preview:large","max-video-preview":"max-video-preview:-1"},"canonical":"https:\/\/demenzverein-neunkirchen.de\/","og_locale":"de_DE","og_type":"article","og_title":"Startseite - Demenzverein-Neunkirchen","og_description":"Willkommen beim Demenzverein im Landkreis Neunkirchen Wir m\u00f6chten Ihnen hier stichwortartig die Arbeit des Vereins, erg\u00e4nzend zu unserer Satzung, vorstellen: Individuelle Demenzberatung, auch in der H\u00e4uslichkeit Einzelfallhilfe und Begleitung von Demenzkranken und deren Angeh\u00f6rigen Aufbau und Unterst\u00fctzung von Selbsthilfegruppen Informationsveranstaltungen Fortbildungsveranstaltungen \u00d6ffentlichkeitsarbeit Umsetzung und Koordination des regionalen Netzwerkes Demenz im Landkreis Neunkirchen Kontaktieren Sie uns &hellip; Continue reading \"Startseite\"","og_url":"https:\/\/demenzverein-neunkirchen.de\/","og_site_name":"Demenzverein-Neunkirchen","article_modified_time":"2025-07-17T09:29:42+00:00","twitter_card":"summary_large_image","twitter_misc":{"Gesch\u00e4tzte Lesezeit":"1\u00a0Minute"},"schema":{"@context":"https:\/\/schema.org","@graph":[{"@type":"WebPage","@id":"https:\/\/demenzverein-neunkirchen.de\/","url":"https:\/\/demenzverein-neunkirchen.de\/","name":"Startseite - Demenzverein-Neunkirchen","isPartOf":{"@id":"https:\/\/demenzverein-neunkirchen.de\/#website"},"datePublished":"2025-02-05T08:47:05+00:00","dateModified":"2025-07-17T09:29:42+00:00","breadcrumb":{"@id":"https:\/\/demenzverein-neunkirchen.de\/#breadcrumb"},"inLanguage":"de","potentialAction":[{"@type":"ReadAction","target":["https:\/\/demenzverein-neunkirchen.de\/"]}]},{"@type":"BreadcrumbList","@id":"https:\/\/demenzverein-neunkirchen.de\/#breadcrumb","itemListElement":[{"@type":"ListItem","position":1,"name":"Startseite","item":"https:\/\/demenzverein-neunkirchen.de\/"},{"@type":"ListItem","position":2,"name":"Startseite"}]},{"@type":"WebSite","@id":"https:\/\/demenzverein-neunkirchen.de\/#website","url":"https:\/\/demenzverein-neunkirchen.de\/","name":"Demenzverein-Neunkirchen","description":"demenz","publisher":{"@id":"https:\/\/demenzverein-neunkirchen.de\/#organization"},"potentialAction":[{"@type":"SearchAction","target":{"@type":"EntryPoint","urlTemplate":"https:\/\/demenzverein-neunkirchen.de\/?s={search_term_string}"},"query-input":{"@type":"PropertyValueSpecification","valueRequired":true,"valueName":"search_term_string"}}],"inLanguage":"de"},{"@type":"Organization","@id":"https:\/\/demenzverein-neunkirchen.de\/#organization","name":"Demenzverein-Neunkirchen","url":"https:\/\/demenzverein-neunkirchen.de\/","logo":{"@type":"ImageObject","inLanguage":"de","@id":"https:\/\/demenzverein-neunkirchen.de\/#\/schema\/logo\/image\/","url":"https:\/\/demenzverein-neunkirchen.de\/wp-content\/uploads\/2025\/03\/cropped-csm_Logo_Demenzverein_a1a480c319-1-1.webp","contentUrl":"https:\/\/demenzverein-neunkirchen.de\/wp-content\/uploads\/2025\/03\/cropped-csm_Logo_Demenzverein_a1a480c319-1-1.webp","width":240,"height":132,"caption":"  Demenzverein-Neunkirchen"},"image":{"@id":"https:\/\/demenzverein-neunkirchen.de\/#\/schema\/logo\/image\/"}}]}},"_links":{"self":[{"href":"https:\/\/demenzverein-neunkirchen.de\/index.php?rest_route=\/wp\/v2\/pages\/7","targetHints":{"allow":["GET"]}}],"collection":[{"href":"https:\/\/demenzverein-neunkirchen.de\/index.php?rest_route=\/wp\/v2\/pages"}],"about":[{"href":"https:\/\/demenzverein-neunkirchen.de\/index.php?rest_route=\/wp\/v2\/types\/page"}],"author":[{"embeddable":true,"href":"https:\/\/demenzverein-neunkirchen.de\/index.php?rest_route=\/wp\/v2\/users\/1"}],"replies":[{"embeddable":true,"href":"https:\/\/demenzverein-neunkirchen.de\/index.php?rest_route=%2Fwp%2Fv2%2Fcomments&post=7"}],"version-history":[{"count":33,"href":"https:\/\/demenzverein-neunkirchen.de\/index.php?rest_route=\/wp\/v2\/pages\/7\/revisions"}],"predecessor-version":[{"id":306,"href":"https:\/\/demenzverein-neunkirchen.de\/index.php?rest_route=\/wp\/v2\/pages\/7\/revisions\/306"}],"wp:attachment":[{"href":"https:\/\/demenzverein-neunkirchen.de\/index.php?rest_route=%2Fwp%2Fv2%2Fmedia&parent=7"}],"curies":[{"name":"wp","href":"https:\/\/api.w.org\/{rel}","templated":true}]}}