{"id":66,"date":"2025-03-10T10:19:08","date_gmt":"2025-03-10T10:19:08","guid":{"rendered":"https:\/\/demenzverein-neunkirchen.de\/?page_id=66"},"modified":"2025-10-22T14:12:50","modified_gmt":"2025-10-22T14:12:50","slug":"aktuelles","status":"publish","type":"page","link":"https:\/\/demenzverein-neunkirchen.de\/?page_id=66","title":{"rendered":"Informationen"},"content":{"rendered":"\n    \n    <section class=\"u-clearfix u-section-2\" id=\"block-1\">\n      <div class=\"u-clearfix u-sheet u-sheet-1\">\n        <h4 class=\"u-text u-text-custom-color-5 u-text-1\"> Weiterf\u00fchrende Informationen <\/h4>\n        <div class=\"u-blog u-container-style u-expanded-width u-blog-1\" data-max-items=\"3\" data-blog-source-type=\"Custom\" data-blog-source=\"Aktuelles\">\n          <div class=\"u-list-control\"><\/div>\n          <div class=\"u-repeater u-repeater-1\">\n            <div class=\"u-blog-post u-container-style u-repeater-item\">\n              <div class=\"u-container-layout u-similar-container u-container-layout-1\">\n                <h2 class=\"u-blog-control u-text u-text-custom-color-7 u-text-2\">\n                  <a class=\"u-post-header-link\" href=\"https:\/\/demenzverein-neunkirchen.de\/?p=196\">Demenzratgeber Saarland jetzt wieder verf\u00fcgbar<\/a>\n                <\/h2><a class=\"u-blog-control u-expanded-width u-image u-image-1\" href=\"https:\/\/demenzverein-neunkirchen.de\/?p=196\">\n                <img decoding=\"async\" class=\"u-blog-control u-expanded-width u-image u-image-1\" src=\"https:\/\/demenzverein-neunkirchen.de\/wp-content\/uploads\/2025\/03\/Screenshot-2025-10-22-161539.png\" data-image-width=\"451\" data-image-height=\"646\"><\/a>\n                <div class=\"u-blog-control u-post-content u-text u-text-custom-color-7 u-text-3\"><p>\nDer Demenzratgeber Saarland gibt verst\u00e4ndlich und umfassend Antwort auf h\u00e4ufig gestellte Fragen zum Thema Demenz. Durch das Heft erh\u00e4lt man &hellip;<\/p>\n                <\/div>\n              <\/div>\n            <\/div>\n            <div class=\"u-blog-post u-container-style u-repeater-item\">\n              <div class=\"u-container-layout u-similar-container u-container-layout-2\">\n                <h2 class=\"u-blog-control u-text u-text-custom-color-7 u-text-4\">\n                  <a class=\"u-post-header-link\" href=\"https:\/\/demenzverein-neunkirchen.de\/?p=139\">Biographische Informationen\u3164\u3164\u3164\u3164\u3164<\/a>\n                <\/h2><a class=\"u-blog-control u-expanded-width u-image u-image-2\" href=\"https:\/\/demenzverein-neunkirchen.de\/?p=139\">\n                <img decoding=\"async\" class=\"u-blog-control u-expanded-width u-image u-image-2\" src=\"https:\/\/demenzverein-neunkirchen.de\/wp-content\/uploads\/2025\/03\/csm_2021.Broschuere.biographische.Infos_.web_2c8ac93209.webp\"><\/a>\n                <div class=\"u-blog-control u-post-content u-text u-text-custom-color-7 u-text-5\"><p>\nBiographische Informationen zum Umgang mit an Demenz erkrankten Menschen. Ein Leitfaden f\u00fcr (pflegende) Angeh\u00f6rigeMenschen mit Demenz besser &hellip;<\/p>\n                <\/div>\n              <\/div>\n            <\/div>\n            <div class=\"u-blog-post u-container-style u-repeater-item\">\n              <div class=\"u-container-layout u-similar-container u-container-layout-3\">\n                <h2 class=\"u-blog-control u-text u-text-custom-color-7 u-text-6\">\n                  <a class=\"u-post-header-link\" href=\"https:\/\/demenzverein-neunkirchen.de\/?p=69\">Demenzwegweiser f\u00fcr den Landkreis Neunkirchen<\/a>\n                <\/h2><a class=\"u-blog-control u-expanded-width u-image u-image-3\" href=\"https:\/\/demenzverein-neunkirchen.de\/?p=69\">\n                <img decoding=\"async\" class=\"u-blog-control u-expanded-width u-image u-image-3\" src=\"https:\/\/demenzverein-neunkirchen.de\/wp-content\/uploads\/2025\/03\/csm_Demenzwegweiser2023_webansicht_fe38e7476a-1.webp\"><\/a>\n                <div class=\"u-blog-control u-post-content u-text u-text-custom-color-7 u-text-7\"><p>\nWissenswertes zum Thema Demenz\n\n\n\nIn Deutschland leben rund 1,8 Millionen Menschen mit Demenz, im Landkreis Neunkirchen sind es nach Sch\u00e4tzungen &hellip;<\/p>\n                <\/div>\n              <\/div>\n            <\/div>\n          <\/div>\n          <div class=\"u-list-control\"><\/div>\n        <\/div>\n      <\/div>\n    <\/section>\n    \n    \n    \n  \n","protected":false},"excerpt":{"rendered":"<p>Weiterf\u00fchrende Informationen Demenzratgeber Saarland jetzt wieder verf\u00fcgbar Der Demenzratgeber Saarland gibt verst\u00e4ndlich und umfassend Antwort auf h\u00e4ufig gestellte Fragen zum Thema Demenz. Durch das Heft erh\u00e4lt man &hellip; Biographische Informationen\u3164\u3164\u3164\u3164\u3164 Biographische Informationen zum Umgang mit an Demenz erkrankten Menschen. Ein Leitfaden f\u00fcr (pflegende) Angeh\u00f6rigeMenschen mit Demenz besser &hellip; Demenzwegweiser f\u00fcr den Landkreis Neunkirchen Wissenswertes zum &hellip; <a href=\"https:\/\/demenzverein-neunkirchen.de\/?page_id=66\" class=\"more-link\">Continue reading<span class=\"screen-reader-text\"> &#8222;Informationen&#8220;<\/span><\/a><\/p>\n","protected":false},"author":1,"featured_media":0,"parent":0,"menu_order":0,"comment_status":"closed","ping_status":"closed","template":"","meta":{"footnotes":""},"class_list":["post-66","page","type-page","status-publish","hentry"],"yoast_head":"<!-- This site is optimized with the Yoast SEO plugin v25.0 - https:\/\/yoast.com\/wordpress\/plugins\/seo\/ -->\n<title>Informationen - Demenzverein-Neunkirchen<\/title>\n<meta name=\"robots\" content=\"index, follow, max-snippet:-1, max-image-preview:large, max-video-preview:-1\" \/>\n<link rel=\"canonical\" href=\"https:\/\/demenzverein-neunkirchen.de\/?page_id=66\" \/>\n<meta property=\"og:locale\" content=\"de_DE\" \/>\n<meta property=\"og:type\" content=\"article\" \/>\n<meta property=\"og:title\" content=\"Informationen - Demenzverein-Neunkirchen\" \/>\n<meta property=\"og:description\" content=\"Weiterf\u00fchrende Informationen Demenzratgeber Saarland jetzt wieder verf\u00fcgbar Der Demenzratgeber Saarland gibt verst\u00e4ndlich und umfassend Antwort auf h\u00e4ufig gestellte Fragen zum Thema Demenz. Durch das Heft erh\u00e4lt man &hellip; Biographische Informationen\u3164\u3164\u3164\u3164\u3164 Biographische Informationen zum Umgang mit an Demenz erkrankten Menschen. Ein Leitfaden f\u00fcr (pflegende) Angeh\u00f6rigeMenschen mit Demenz besser &hellip; Demenzwegweiser f\u00fcr den Landkreis Neunkirchen Wissenswertes zum &hellip; Continue reading &quot;Informationen&quot;\" \/>\n<meta property=\"og:url\" content=\"https:\/\/demenzverein-neunkirchen.de\/?page_id=66\" \/>\n<meta property=\"og:site_name\" content=\"Demenzverein-Neunkirchen\" \/>\n<meta property=\"article:modified_time\" content=\"2025-10-22T14:12:50+00:00\" \/>\n<meta name=\"twitter:card\" content=\"summary_large_image\" \/>\n<meta name=\"twitter:label1\" content=\"Gesch\u00e4tzte Lesezeit\" \/>\n\t<meta name=\"twitter:data1\" content=\"1\u00a0Minute\" \/>\n<script type=\"application\/ld+json\" class=\"yoast-schema-graph\">{\"@context\":\"https:\/\/schema.org\",\"@graph\":[{\"@type\":\"WebPage\",\"@id\":\"https:\/\/demenzverein-neunkirchen.de\/?page_id=66\",\"url\":\"https:\/\/demenzverein-neunkirchen.de\/?page_id=66\",\"name\":\"Informationen - Demenzverein-Neunkirchen\",\"isPartOf\":{\"@id\":\"https:\/\/demenzverein-neunkirchen.de\/#website\"},\"datePublished\":\"2025-03-10T10:19:08+00:00\",\"dateModified\":\"2025-10-22T14:12:50+00:00\",\"breadcrumb\":{\"@id\":\"https:\/\/demenzverein-neunkirchen.de\/?page_id=66#breadcrumb\"},\"inLanguage\":\"de\",\"potentialAction\":[{\"@type\":\"ReadAction\",\"target\":[\"https:\/\/demenzverein-neunkirchen.de\/?page_id=66\"]}]},{\"@type\":\"BreadcrumbList\",\"@id\":\"https:\/\/demenzverein-neunkirchen.de\/?page_id=66#breadcrumb\",\"itemListElement\":[{\"@type\":\"ListItem\",\"position\":1,\"name\":\"Startseite\",\"item\":\"https:\/\/demenzverein-neunkirchen.de\/\"},{\"@type\":\"ListItem\",\"position\":2,\"name\":\"Informationen\"}]},{\"@type\":\"WebSite\",\"@id\":\"https:\/\/demenzverein-neunkirchen.de\/#website\",\"url\":\"https:\/\/demenzverein-neunkirchen.de\/\",\"name\":\"Demenzverein-Neunkirchen\",\"description\":\"demenz\",\"publisher\":{\"@id\":\"https:\/\/demenzverein-neunkirchen.de\/#organization\"},\"potentialAction\":[{\"@type\":\"SearchAction\",\"target\":{\"@type\":\"EntryPoint\",\"urlTemplate\":\"https:\/\/demenzverein-neunkirchen.de\/?s={search_term_string}\"},\"query-input\":{\"@type\":\"PropertyValueSpecification\",\"valueRequired\":true,\"valueName\":\"search_term_string\"}}],\"inLanguage\":\"de\"},{\"@type\":\"Organization\",\"@id\":\"https:\/\/demenzverein-neunkirchen.de\/#organization\",\"name\":\"Demenzverein-Neunkirchen\",\"url\":\"https:\/\/demenzverein-neunkirchen.de\/\",\"logo\":{\"@type\":\"ImageObject\",\"inLanguage\":\"de\",\"@id\":\"https:\/\/demenzverein-neunkirchen.de\/#\/schema\/logo\/image\/\",\"url\":\"https:\/\/demenzverein-neunkirchen.de\/wp-content\/uploads\/2025\/03\/cropped-csm_Logo_Demenzverein_a1a480c319-1-1.webp\",\"contentUrl\":\"https:\/\/demenzverein-neunkirchen.de\/wp-content\/uploads\/2025\/03\/cropped-csm_Logo_Demenzverein_a1a480c319-1-1.webp\",\"width\":240,\"height\":132,\"caption\":\"  Demenzverein-Neunkirchen\"},\"image\":{\"@id\":\"https:\/\/demenzverein-neunkirchen.de\/#\/schema\/logo\/image\/\"}}]}<\/script>\n<!-- \/ Yoast SEO plugin. -->","yoast_head_json":{"title":"Informationen - Demenzverein-Neunkirchen","robots":{"index":"index","follow":"follow","max-snippet":"max-snippet:-1","max-image-preview":"max-image-preview:large","max-video-preview":"max-video-preview:-1"},"canonical":"https:\/\/demenzverein-neunkirchen.de\/?page_id=66","og_locale":"de_DE","og_type":"article","og_title":"Informationen - Demenzverein-Neunkirchen","og_description":"Weiterf\u00fchrende Informationen Demenzratgeber Saarland jetzt wieder verf\u00fcgbar Der Demenzratgeber Saarland gibt verst\u00e4ndlich und umfassend Antwort auf h\u00e4ufig gestellte Fragen zum Thema Demenz. Durch das Heft erh\u00e4lt man &hellip; Biographische Informationen\u3164\u3164\u3164\u3164\u3164 Biographische Informationen zum Umgang mit an Demenz erkrankten Menschen. Ein Leitfaden f\u00fcr (pflegende) Angeh\u00f6rigeMenschen mit Demenz besser &hellip; Demenzwegweiser f\u00fcr den Landkreis Neunkirchen Wissenswertes zum &hellip; Continue reading \"Informationen\"","og_url":"https:\/\/demenzverein-neunkirchen.de\/?page_id=66","og_site_name":"Demenzverein-Neunkirchen","article_modified_time":"2025-10-22T14:12:50+00:00","twitter_card":"summary_large_image","twitter_misc":{"Gesch\u00e4tzte Lesezeit":"1\u00a0Minute"},"schema":{"@context":"https:\/\/schema.org","@graph":[{"@type":"WebPage","@id":"https:\/\/demenzverein-neunkirchen.de\/?page_id=66","url":"https:\/\/demenzverein-neunkirchen.de\/?page_id=66","name":"Informationen - Demenzverein-Neunkirchen","isPartOf":{"@id":"https:\/\/demenzverein-neunkirchen.de\/#website"},"datePublished":"2025-03-10T10:19:08+00:00","dateModified":"2025-10-22T14:12:50+00:00","breadcrumb":{"@id":"https:\/\/demenzverein-neunkirchen.de\/?page_id=66#breadcrumb"},"inLanguage":"de","potentialAction":[{"@type":"ReadAction","target":["https:\/\/demenzverein-neunkirchen.de\/?page_id=66"]}]},{"@type":"BreadcrumbList","@id":"https:\/\/demenzverein-neunkirchen.de\/?page_id=66#breadcrumb","itemListElement":[{"@type":"ListItem","position":1,"name":"Startseite","item":"https:\/\/demenzverein-neunkirchen.de\/"},{"@type":"ListItem","position":2,"name":"Informationen"}]},{"@type":"WebSite","@id":"https:\/\/demenzverein-neunkirchen.de\/#website","url":"https:\/\/demenzverein-neunkirchen.de\/","name":"Demenzverein-Neunkirchen","description":"demenz","publisher":{"@id":"https:\/\/demenzverein-neunkirchen.de\/#organization"},"potentialAction":[{"@type":"SearchAction","target":{"@type":"EntryPoint","urlTemplate":"https:\/\/demenzverein-neunkirchen.de\/?s={search_term_string}"},"query-input":{"@type":"PropertyValueSpecification","valueRequired":true,"valueName":"search_term_string"}}],"inLanguage":"de"},{"@type":"Organization","@id":"https:\/\/demenzverein-neunkirchen.de\/#organization","name":"Demenzverein-Neunkirchen","url":"https:\/\/demenzverein-neunkirchen.de\/","logo":{"@type":"ImageObject","inLanguage":"de","@id":"https:\/\/demenzverein-neunkirchen.de\/#\/schema\/logo\/image\/","url":"https:\/\/demenzverein-neunkirchen.de\/wp-content\/uploads\/2025\/03\/cropped-csm_Logo_Demenzverein_a1a480c319-1-1.webp","contentUrl":"https:\/\/demenzverein-neunkirchen.de\/wp-content\/uploads\/2025\/03\/cropped-csm_Logo_Demenzverein_a1a480c319-1-1.webp","width":240,"height":132,"caption":"  Demenzverein-Neunkirchen"},"image":{"@id":"https:\/\/demenzverein-neunkirchen.de\/#\/schema\/logo\/image\/"}}]}},"_links":{"self":[{"href":"https:\/\/demenzverein-neunkirchen.de\/index.php?rest_route=\/wp\/v2\/pages\/66","targetHints":{"allow":["GET"]}}],"collection":[{"href":"https:\/\/demenzverein-neunkirchen.de\/index.php?rest_route=\/wp\/v2\/pages"}],"about":[{"href":"https:\/\/demenzverein-neunkirchen.de\/index.php?rest_route=\/wp\/v2\/types\/page"}],"author":[{"embeddable":true,"href":"https:\/\/demenzverein-neunkirchen.de\/index.php?rest_route=\/wp\/v2\/users\/1"}],"replies":[{"embeddable":true,"href":"https:\/\/demenzverein-neunkirchen.de\/index.php?rest_route=%2Fwp%2Fv2%2Fcomments&post=66"}],"version-history":[{"count":19,"href":"https:\/\/demenzverein-neunkirchen.de\/index.php?rest_route=\/wp\/v2\/pages\/66\/revisions"}],"predecessor-version":[{"id":277,"href":"https:\/\/demenzverein-neunkirchen.de\/index.php?rest_route=\/wp\/v2\/pages\/66\/revisions\/277"}],"wp:attachment":[{"href":"https:\/\/demenzverein-neunkirchen.de\/index.php?rest_route=%2Fwp%2Fv2%2Fmedia&parent=66"}],"curies":[{"name":"wp","href":"https:\/\/api.w.org\/{rel}","templated":true}]}}