{"id":171,"date":"2025-03-10T15:01:00","date_gmt":"2025-03-10T15:01:00","guid":{"rendered":"https:\/\/demenzverein-neunkirchen.de\/?page_id=171"},"modified":"2025-07-16T11:48:51","modified_gmt":"2025-07-16T11:48:51","slug":"downloads","status":"publish","type":"page","link":"https:\/\/demenzverein-neunkirchen.de\/?page_id=171","title":{"rendered":"Downloads"},"content":{"rendered":"\n    \n    <section class=\"u-clearfix u-section-2\" id=\"block-1\">\n      <div class=\"u-clearfix u-sheet u-sheet-1\">\n        <div class=\"u-container-style u-expanded-width u-group u-white u-group-1\">\n          <div class=\"u-container-layout u-container-layout-1\">\n            <h4 class=\"u-text u-text-custom-color-5 u-text-1\">Downloa\u200bds<\/h4>\n            <ul class=\"u-custom-list u-file-icon u-text u-text-custom-color-5 u-text-2\">\n              <li>\n                <div class=\"u-list-icon\">\n                  <img decoding=\"async\" src=\"https:\/\/demenzverein-neunkirchen.de\/wp-content\/uploads\/2025\/03\/3022204.png\" alt=\"\">\n                <\/div><span style=\"letter-spacing: -0.1px; line-height: 1.4;\"><u>\n                    <a href=\"https:\/\/demenzverein-neunkirchen.de\/wp-content\/uploads\/2025\/05\/2021_Broschuere_biographische_Infos_web.pdf\" class=\"u-border-none u-btn u-button-link u-button-style u-file-link u-none u-text-custom-color-5 u-text-hover-black u-btn-1\" target=\"_blank\">Biographische Informationen<\/a><\/u><\/span>\n              <\/li>\n              <li>\n                <div class=\"u-list-icon\">\n                  <img decoding=\"async\" src=\"https:\/\/demenzverein-neunkirchen.de\/wp-content\/uploads\/2025\/03\/3022204.png\" alt=\"\">\n                <\/div>\n                <a class=\"me-2 u-border-none u-btn u-button-link u-button-style u-file-link u-none u-text-custom-color-5 u-text-hover-black u-btn-2\" href=\"https:\/\/www.demenz-saarland.de\/fileadmin\/user_upload\/Download\/DEMENZ-Ratgeber_2022.pdf\" target=\"_blank\">Demenzratgeber Saarland jetzt wieder verf\u00fcgbar<\/a>\n              <\/li>\n              <li>\n                <div class=\"u-list-icon\">\n                  <img decoding=\"async\" src=\"https:\/\/demenzverein-neunkirchen.de\/wp-content\/uploads\/2025\/03\/3022204.png\" alt=\"\">\n                <\/div>\n                <a class=\"me-2 u-border-none u-btn u-button-link u-button-style u-file-link u-none u-text-custom-color-5 u-text-hover-black u-btn-3\" href=\"https:\/\/demenzverein-neunkirchen.de\/wp-content\/uploads\/2025\/05\/Demenzverein_Satzung.pdf\" target=\"_blank\">Satzung des Demenzvereins<\/a>\n              <\/li>\n              <li>\n                <div class=\"u-list-icon\">\n                  <img decoding=\"async\" src=\"https:\/\/demenzverein-neunkirchen.de\/wp-content\/uploads\/2025\/03\/3022204.png\" alt=\"\">\n                <\/div>\n                <a class=\"me-2 u-border-none u-btn u-button-link u-button-style u-file-link u-none u-text-custom-color-5 u-text-hover-black u-btn-4\" href=\"https:\/\/demenzverein-neunkirchen.de\/wp-content\/uploads\/2025\/05\/Demenzwegweiser2024web.pdf\" target=\"_blank\">Demenzwegweiser f\u00fcr den Landkreis Neunkirchen<\/a>\n              <\/li>\n              <li>\n                <div class=\"u-list-icon\">\n                  <img decoding=\"async\" src=\"https:\/\/demenzverein-neunkirchen.de\/wp-content\/uploads\/2025\/03\/3022204.png\" alt=\"\">\n                <\/div>\n                <a class=\"me-2 u-border-none u-btn u-button-link u-button-style u-file-link u-none u-text-custom-color-5 u-text-hover-black u-btn-5\" href=\"https:\/\/demenzverein-neunkirchen.de\/wp-content\/uploads\/2025\/05\/Informationen_zur_Ueberleitung_von_Menschen_mit_Demenz_ins_Krankenhaus.pdf\" target=\"_blank\">April 2017: Infoblatt zur \u00dcberleitung von Menschen mit Demenz ins Krankenhaus<\/a>\n              <\/li>\n              <li>\n                <div class=\"u-list-icon\">\n                  <img decoding=\"async\" src=\"https:\/\/demenzverein-neunkirchen.de\/wp-content\/uploads\/2025\/03\/3022204.png\" alt=\"\">\n                <\/div>\n                <a class=\"me-2 u-border-none u-btn u-button-link u-button-style u-file-link u-none u-text-custom-color-5 u-text-hover-black u-btn-6\" href=\"https:\/\/demenzverein-neunkirchen.de\/wp-content\/uploads\/2025\/05\/Marte_Meo_Neunkirchen.pdf\" target=\"_blank\">M\u00e4rz 2017: Marte Meo - gelingende Beziehungen zu Menschen mit dementiellen Grunderkrankungen<\/a>\n              <\/li>\n            <\/ul>\n          <\/div>\n        <\/div>\n      <\/div>\n    <\/section>\n    \n    \n    \n  \n","protected":false},"excerpt":{"rendered":"<p>Downloa\u200bds Biographische Informationen Demenzratgeber Saarland jetzt wieder verf\u00fcgbar Satzung des Demenzvereins Demenzwegweiser f\u00fcr den Landkreis Neunkirchen April 2017: Infoblatt zur \u00dcberleitung von Menschen mit Demenz ins Krankenhaus M\u00e4rz 2017: Marte Meo &#8211; gelingende Beziehungen zu Menschen mit dementiellen Grunderkrankungen<\/p>\n","protected":false},"author":1,"featured_media":0,"parent":0,"menu_order":0,"comment_status":"closed","ping_status":"closed","template":"","meta":{"footnotes":""},"class_list":["post-171","page","type-page","status-publish","hentry"],"yoast_head":"<!-- This site is optimized with the Yoast SEO plugin v25.0 - https:\/\/yoast.com\/wordpress\/plugins\/seo\/ -->\n<title>Downloads - Demenzverein-Neunkirchen<\/title>\n<meta name=\"robots\" content=\"index, follow, max-snippet:-1, max-image-preview:large, max-video-preview:-1\" \/>\n<link rel=\"canonical\" href=\"https:\/\/demenzverein-neunkirchen.de\/?page_id=171\" \/>\n<meta property=\"og:locale\" content=\"de_DE\" \/>\n<meta property=\"og:type\" content=\"article\" \/>\n<meta property=\"og:title\" content=\"Downloads - Demenzverein-Neunkirchen\" \/>\n<meta property=\"og:description\" content=\"Downloa\u200bds Biographische Informationen Demenzratgeber Saarland jetzt wieder verf\u00fcgbar Satzung des Demenzvereins Demenzwegweiser f\u00fcr den Landkreis Neunkirchen April 2017: Infoblatt zur \u00dcberleitung von Menschen mit Demenz ins Krankenhaus M\u00e4rz 2017: Marte Meo - gelingende Beziehungen zu Menschen mit dementiellen Grunderkrankungen\" \/>\n<meta property=\"og:url\" content=\"https:\/\/demenzverein-neunkirchen.de\/?page_id=171\" \/>\n<meta property=\"og:site_name\" content=\"Demenzverein-Neunkirchen\" \/>\n<meta property=\"article:modified_time\" content=\"2025-07-16T11:48:51+00:00\" \/>\n<meta name=\"twitter:card\" content=\"summary_large_image\" \/>\n<script type=\"application\/ld+json\" class=\"yoast-schema-graph\">{\"@context\":\"https:\/\/schema.org\",\"@graph\":[{\"@type\":\"WebPage\",\"@id\":\"https:\/\/demenzverein-neunkirchen.de\/?page_id=171\",\"url\":\"https:\/\/demenzverein-neunkirchen.de\/?page_id=171\",\"name\":\"Downloads - Demenzverein-Neunkirchen\",\"isPartOf\":{\"@id\":\"https:\/\/demenzverein-neunkirchen.de\/#website\"},\"datePublished\":\"2025-03-10T15:01:00+00:00\",\"dateModified\":\"2025-07-16T11:48:51+00:00\",\"breadcrumb\":{\"@id\":\"https:\/\/demenzverein-neunkirchen.de\/?page_id=171#breadcrumb\"},\"inLanguage\":\"de\",\"potentialAction\":[{\"@type\":\"ReadAction\",\"target\":[\"https:\/\/demenzverein-neunkirchen.de\/?page_id=171\"]}]},{\"@type\":\"BreadcrumbList\",\"@id\":\"https:\/\/demenzverein-neunkirchen.de\/?page_id=171#breadcrumb\",\"itemListElement\":[{\"@type\":\"ListItem\",\"position\":1,\"name\":\"Startseite\",\"item\":\"https:\/\/demenzverein-neunkirchen.de\/\"},{\"@type\":\"ListItem\",\"position\":2,\"name\":\"Downloads\"}]},{\"@type\":\"WebSite\",\"@id\":\"https:\/\/demenzverein-neunkirchen.de\/#website\",\"url\":\"https:\/\/demenzverein-neunkirchen.de\/\",\"name\":\"Demenzverein-Neunkirchen\",\"description\":\"demenz\",\"publisher\":{\"@id\":\"https:\/\/demenzverein-neunkirchen.de\/#organization\"},\"potentialAction\":[{\"@type\":\"SearchAction\",\"target\":{\"@type\":\"EntryPoint\",\"urlTemplate\":\"https:\/\/demenzverein-neunkirchen.de\/?s={search_term_string}\"},\"query-input\":{\"@type\":\"PropertyValueSpecification\",\"valueRequired\":true,\"valueName\":\"search_term_string\"}}],\"inLanguage\":\"de\"},{\"@type\":\"Organization\",\"@id\":\"https:\/\/demenzverein-neunkirchen.de\/#organization\",\"name\":\"Demenzverein-Neunkirchen\",\"url\":\"https:\/\/demenzverein-neunkirchen.de\/\",\"logo\":{\"@type\":\"ImageObject\",\"inLanguage\":\"de\",\"@id\":\"https:\/\/demenzverein-neunkirchen.de\/#\/schema\/logo\/image\/\",\"url\":\"https:\/\/demenzverein-neunkirchen.de\/wp-content\/uploads\/2025\/03\/cropped-csm_Logo_Demenzverein_a1a480c319-1-1.webp\",\"contentUrl\":\"https:\/\/demenzverein-neunkirchen.de\/wp-content\/uploads\/2025\/03\/cropped-csm_Logo_Demenzverein_a1a480c319-1-1.webp\",\"width\":240,\"height\":132,\"caption\":\"  Demenzverein-Neunkirchen\"},\"image\":{\"@id\":\"https:\/\/demenzverein-neunkirchen.de\/#\/schema\/logo\/image\/\"}}]}<\/script>\n<!-- \/ Yoast SEO plugin. -->","yoast_head_json":{"title":"Downloads - Demenzverein-Neunkirchen","robots":{"index":"index","follow":"follow","max-snippet":"max-snippet:-1","max-image-preview":"max-image-preview:large","max-video-preview":"max-video-preview:-1"},"canonical":"https:\/\/demenzverein-neunkirchen.de\/?page_id=171","og_locale":"de_DE","og_type":"article","og_title":"Downloads - Demenzverein-Neunkirchen","og_description":"Downloa\u200bds Biographische Informationen Demenzratgeber Saarland jetzt wieder verf\u00fcgbar Satzung des Demenzvereins Demenzwegweiser f\u00fcr den Landkreis Neunkirchen April 2017: Infoblatt zur \u00dcberleitung von Menschen mit Demenz ins Krankenhaus M\u00e4rz 2017: Marte Meo - gelingende Beziehungen zu Menschen mit dementiellen Grunderkrankungen","og_url":"https:\/\/demenzverein-neunkirchen.de\/?page_id=171","og_site_name":"Demenzverein-Neunkirchen","article_modified_time":"2025-07-16T11:48:51+00:00","twitter_card":"summary_large_image","schema":{"@context":"https:\/\/schema.org","@graph":[{"@type":"WebPage","@id":"https:\/\/demenzverein-neunkirchen.de\/?page_id=171","url":"https:\/\/demenzverein-neunkirchen.de\/?page_id=171","name":"Downloads - Demenzverein-Neunkirchen","isPartOf":{"@id":"https:\/\/demenzverein-neunkirchen.de\/#website"},"datePublished":"2025-03-10T15:01:00+00:00","dateModified":"2025-07-16T11:48:51+00:00","breadcrumb":{"@id":"https:\/\/demenzverein-neunkirchen.de\/?page_id=171#breadcrumb"},"inLanguage":"de","potentialAction":[{"@type":"ReadAction","target":["https:\/\/demenzverein-neunkirchen.de\/?page_id=171"]}]},{"@type":"BreadcrumbList","@id":"https:\/\/demenzverein-neunkirchen.de\/?page_id=171#breadcrumb","itemListElement":[{"@type":"ListItem","position":1,"name":"Startseite","item":"https:\/\/demenzverein-neunkirchen.de\/"},{"@type":"ListItem","position":2,"name":"Downloads"}]},{"@type":"WebSite","@id":"https:\/\/demenzverein-neunkirchen.de\/#website","url":"https:\/\/demenzverein-neunkirchen.de\/","name":"Demenzverein-Neunkirchen","description":"demenz","publisher":{"@id":"https:\/\/demenzverein-neunkirchen.de\/#organization"},"potentialAction":[{"@type":"SearchAction","target":{"@type":"EntryPoint","urlTemplate":"https:\/\/demenzverein-neunkirchen.de\/?s={search_term_string}"},"query-input":{"@type":"PropertyValueSpecification","valueRequired":true,"valueName":"search_term_string"}}],"inLanguage":"de"},{"@type":"Organization","@id":"https:\/\/demenzverein-neunkirchen.de\/#organization","name":"Demenzverein-Neunkirchen","url":"https:\/\/demenzverein-neunkirchen.de\/","logo":{"@type":"ImageObject","inLanguage":"de","@id":"https:\/\/demenzverein-neunkirchen.de\/#\/schema\/logo\/image\/","url":"https:\/\/demenzverein-neunkirchen.de\/wp-content\/uploads\/2025\/03\/cropped-csm_Logo_Demenzverein_a1a480c319-1-1.webp","contentUrl":"https:\/\/demenzverein-neunkirchen.de\/wp-content\/uploads\/2025\/03\/cropped-csm_Logo_Demenzverein_a1a480c319-1-1.webp","width":240,"height":132,"caption":"  Demenzverein-Neunkirchen"},"image":{"@id":"https:\/\/demenzverein-neunkirchen.de\/#\/schema\/logo\/image\/"}}]}},"_links":{"self":[{"href":"https:\/\/demenzverein-neunkirchen.de\/index.php?rest_route=\/wp\/v2\/pages\/171","targetHints":{"allow":["GET"]}}],"collection":[{"href":"https:\/\/demenzverein-neunkirchen.de\/index.php?rest_route=\/wp\/v2\/pages"}],"about":[{"href":"https:\/\/demenzverein-neunkirchen.de\/index.php?rest_route=\/wp\/v2\/types\/page"}],"author":[{"embeddable":true,"href":"https:\/\/demenzverein-neunkirchen.de\/index.php?rest_route=\/wp\/v2\/users\/1"}],"replies":[{"embeddable":true,"href":"https:\/\/demenzverein-neunkirchen.de\/index.php?rest_route=%2Fwp%2Fv2%2Fcomments&post=171"}],"version-history":[{"count":8,"href":"https:\/\/demenzverein-neunkirchen.de\/index.php?rest_route=\/wp\/v2\/pages\/171\/revisions"}],"predecessor-version":[{"id":324,"href":"https:\/\/demenzverein-neunkirchen.de\/index.php?rest_route=\/wp\/v2\/pages\/171\/revisions\/324"}],"wp:attachment":[{"href":"https:\/\/demenzverein-neunkirchen.de\/index.php?rest_route=%2Fwp%2Fv2%2Fmedia&parent=171"}],"curies":[{"name":"wp","href":"https:\/\/api.w.org\/{rel}","templated":true}]}}